{"id":1881,"date":"2020-12-05T08:51:24","date_gmt":"2020-12-05T08:51:24","guid":{"rendered":"https:\/\/foot-scouting.com\/informacao-juridica\/"},"modified":"2025-03-30T18:07:52","modified_gmt":"2025-03-30T18:07:52","slug":"informacao-juridica","status":"publish","type":"page","link":"https:\/\/foot-scouting.com\/pt-pt\/informacao-juridica\/","title":{"rendered":"Informa\u00e7\u00e3o jur\u00eddica"},"content":{"rendered":"<h1 style=\"text-align: center;\">Informa\u00e7\u00e3o jur\u00eddica<\/h1>\n<p> <\/p>\n<p>L\u00ea atentamente as presentes condi\u00e7\u00f5es de utiliza\u00e7\u00e3o antes de utilizares este s\u00edtio. Ao ligar-se a este s\u00edtio, aceita sem reservas as presentes condi\u00e7\u00f5es gerais. Em conformidade com o artigo 6.\u00ba da Lei n.\u00ba 2004-575, de 21 de junho de 2004, relativa \u00e0 confian\u00e7a na economia digital, os respons\u00e1veis por este s\u00edtio Web <a href=\"https:\/\/foot-scouting.com\/\">https:\/\/foot-scouting.com\/<\/a> s\u00e3o :  <\/p>\n<p><br\/><strong>Editora do s\u00edtio:<\/strong><br\/>Matching Sports XXL<br\/>N\u00famero de identifica\u00e7\u00e3o fiscal: B64553811<br\/>Diretor editorial: Jean-G\u00e9rard BENOIT CZAJKA<br\/>Endere\u00e7o: 45-47 Carrer de Paris, 08029 Barcelona<br\/>Email: contact@foot-scouting.com <br\/>S\u00edtio Web: https: <a href=\"https:\/\/foot-scouting.com\/\">\/\/foot-scouting.com\/<\/a><\/p>\n<p><br\/><strong>Alojamento : <\/strong><br\/>Anfitri\u00e3o : PlanetHoster<br\/>&#8211; Endere\u00e7o : 4416 Louis-B.-Mayer, Laval, Qu\u00e9bec, Canada H7P 0G1<br\/>&#8211; Site de Paris<br\/>&#8211; T\u00e9l. : + 33 1 76 60 41 43<br\/>&#8211; Website : <a href=\"https:\/\/www.planethoster.net\/fr\">www.planethoster.net\/fr<\/a> <\/p>","protected":false},"excerpt":{"rendered":"<p>Informa\u00e7\u00e3o jur\u00eddica L\u00ea atentamente as presentes condi\u00e7\u00f5es de utiliza\u00e7\u00e3o antes de utilizares este s\u00edtio. Ao ligar-se a este s\u00edtio, aceita sem reservas as presentes condi\u00e7\u00f5es gerais. Em conformidade com o artigo 6.\u00ba da Lei n.\u00ba 2004-575, de 21 de junho de 2004, relativa \u00e0 confian\u00e7a na economia digital, os respons\u00e1veis por este s\u00edtio Web https:\/\/foot-scouting.com\/ [&#8230;]\n","protected":false},"author":1,"featured_media":0,"parent":0,"menu_order":0,"comment_status":"closed","ping_status":"closed","template":"","meta":{"footnotes":""},"yst_prominent_words":[],"class_list":["post-1881","page","type-page","status-publish","hentry"],"_links":{"self":[{"href":"https:\/\/foot-scouting.com\/pt-pt\/wp-json\/wp\/v2\/pages\/1881","targetHints":{"allow":["GET"]}}],"collection":[{"href":"https:\/\/foot-scouting.com\/pt-pt\/wp-json\/wp\/v2\/pages"}],"about":[{"href":"https:\/\/foot-scouting.com\/pt-pt\/wp-json\/wp\/v2\/types\/page"}],"author":[{"embeddable":true,"href":"https:\/\/foot-scouting.com\/pt-pt\/wp-json\/wp\/v2\/users\/1"}],"replies":[{"embeddable":true,"href":"https:\/\/foot-scouting.com\/pt-pt\/wp-json\/wp\/v2\/comments?post=1881"}],"version-history":[{"count":1,"href":"https:\/\/foot-scouting.com\/pt-pt\/wp-json\/wp\/v2\/pages\/1881\/revisions"}],"predecessor-version":[{"id":1882,"href":"https:\/\/foot-scouting.com\/pt-pt\/wp-json\/wp\/v2\/pages\/1881\/revisions\/1882"}],"wp:attachment":[{"href":"https:\/\/foot-scouting.com\/pt-pt\/wp-json\/wp\/v2\/media?parent=1881"}],"wp:term":[{"taxonomy":"yst_prominent_words","embeddable":true,"href":"https:\/\/foot-scouting.com\/pt-pt\/wp-json\/wp\/v2\/yst_prominent_words?post=1881"}],"curies":[{"name":"wp","href":"https:\/\/api.w.org\/{rel}","templated":true}]}}