{"id":1733,"date":"2020-12-05T08:21:56","date_gmt":"2020-12-05T08:21:56","guid":{"rendered":"https:\/\/foot-scouting.com\/perguntas-frequentes\/"},"modified":"2025-03-30T22:51:43","modified_gmt":"2025-03-30T22:51:43","slug":"perguntas-frequentes","status":"publish","type":"page","link":"https:\/\/foot-scouting.com\/pt-br\/perguntas-frequentes\/","title":{"rendered":"NOSSOS PARCEIROS"},"content":{"rendered":"\n  <div class=\"banner has-hover is-full-height\" id=\"banner-1600381960\">\n          <div class=\"banner-inner fill\">\n        <div class=\"banner-bg fill\" >\n            <div class=\"bg fill bg-fill \"><\/div>\n                                    \n                    <\/div>\n        <div class=\"banner-layers container\">\n            <div class=\"fill banner-link\"><\/div>            \n\n   <div id=\"text-box-484596352\" class=\"text-box banner-layer x50 md-x50 lg-x50 y50 md-y50 lg-y50 res-text\">\n                                <div class=\"text-box-content text dark\">\n              \n              <div class=\"text-inner text-center\">\n                  \n\n\n              <\/div>\n           <\/div>\n                            \n<style>\n#text-box-484596352 {\n  width: 60%;\n}\n#text-box-484596352 .text-box-content {\n  font-size: 100%;\n}\n@media (min-width:550px) {\n  #text-box-484596352 {\n    width: 60%;\n  }\n}\n<\/style>\n    <\/div>\n \n\n        <\/div>\n      <\/div>\n\n            \n<style>\n#banner-1600381960 {\n  padding-top: 100%;\n}\n#banner-1600381960 .bg.bg-loaded {\n  background-image: url(https:\/\/foot-scouting.com\/wp-content\/uploads\/2025\/03\/ChatGPT-Image-30-mars-2025-23_47_22-1024x683.png);\n}\n<\/style>\n  <\/div>\n\n\n<blockquote>\n<p style=\"text-align: center;\"><strong>IFS s&#8217;entoure de partenaires Europ\u00e9ens sp\u00e9cialis\u00e9s dans des produits novateurs \u00e0 la recherche de l&#8217;optimisation des performances sportives et du confort\u00a0\u00a0<\/strong><\/p>\n<\/blockquote>\n<blockquote>\n<h1 style=\"text-align: center;\"><a href=\"_wp_link_placeholder\" edit=\"true\" class=\"broken_link\"><em><strong>RANNA<\/strong><\/em><\/a><\/h1>\n<\/blockquote>\n\t<div class=\"img has-hover x md-x lg-x y md-y lg-y\" id=\"image_1507859354\">\n\t\t\t\t\t\t\t\t<div class=\"img-inner image-cover dark\" style=\"padding-top:100%;\">\n\t\t\t<img loading=\"lazy\" decoding=\"async\" width=\"800\" height=\"1001\" src=\"https:\/\/foot-scouting.com\/wp-content\/uploads\/2025\/03\/ranna_promo_web_small.jpg\" class=\"attachment-large size-large\" alt=\"\" srcset=\"https:\/\/foot-scouting.com\/wp-content\/uploads\/2025\/03\/ranna_promo_web_small.jpg 800w, https:\/\/foot-scouting.com\/wp-content\/uploads\/2025\/03\/ranna_promo_web_small-240x300.jpg 240w, https:\/\/foot-scouting.com\/wp-content\/uploads\/2025\/03\/ranna_promo_web_small-768x961.jpg 768w, https:\/\/foot-scouting.com\/wp-content\/uploads\/2025\/03\/ranna_promo_web_small-510x638.jpg 510w\" sizes=\"auto, (max-width: 800px) 100vw, 800px\" \/>\t\t\t\t\t\t\n\t\t\t\t\t<\/div>\n\t\t\t\t\t\t\t\t\n<style>\n#image_1507859354 {\n  width: 100%;\n}\n<\/style>\n\t<\/div>\n\t","protected":false},"excerpt":{"rendered":"","protected":false},"author":1,"featured_media":0,"parent":0,"menu_order":0,"comment_status":"closed","ping_status":"closed","template":"","meta":{"footnotes":""},"yst_prominent_words":[],"class_list":["post-1733","page","type-page","status-publish","hentry"],"_links":{"self":[{"href":"https:\/\/foot-scouting.com\/pt-br\/wp-json\/wp\/v2\/pages\/1733","targetHints":{"allow":["GET"]}}],"collection":[{"href":"https:\/\/foot-scouting.com\/pt-br\/wp-json\/wp\/v2\/pages"}],"about":[{"href":"https:\/\/foot-scouting.com\/pt-br\/wp-json\/wp\/v2\/types\/page"}],"author":[{"embeddable":true,"href":"https:\/\/foot-scouting.com\/pt-br\/wp-json\/wp\/v2\/users\/1"}],"replies":[{"embeddable":true,"href":"https:\/\/foot-scouting.com\/pt-br\/wp-json\/wp\/v2\/comments?post=1733"}],"version-history":[{"count":6,"href":"https:\/\/foot-scouting.com\/pt-br\/wp-json\/wp\/v2\/pages\/1733\/revisions"}],"predecessor-version":[{"id":2149,"href":"https:\/\/foot-scouting.com\/pt-br\/wp-json\/wp\/v2\/pages\/1733\/revisions\/2149"}],"wp:attachment":[{"href":"https:\/\/foot-scouting.com\/pt-br\/wp-json\/wp\/v2\/media?parent=1733"}],"wp:term":[{"taxonomy":"yst_prominent_words","embeddable":true,"href":"https:\/\/foot-scouting.com\/pt-br\/wp-json\/wp\/v2\/yst_prominent_words?post=1733"}],"curies":[{"name":"wp","href":"https:\/\/api.w.org\/{rel}","templated":true}]}}