{"id":1905,"date":"2020-12-05T08:51:03","date_gmt":"2020-12-05T08:51:03","guid":{"rendered":"https:\/\/foot-scouting.com\/politica-de-privacidad\/"},"modified":"2025-03-30T18:08:32","modified_gmt":"2025-03-30T18:08:32","slug":"politica-de-privacidad","status":"publish","type":"page","link":"https:\/\/foot-scouting.com\/es\/politica-de-privacidad\/","title":{"rendered":"Pol\u00edtica de privacidad"},"content":{"rendered":"<h1 style=\"text-align: center;\">Pol\u00edtica de privacidad<\/h1>\n<p> <\/p>\n<h2>Contexto &#8211; \u00bfQu\u00e9 es una cookie?<\/h2>\n<p>Una cookie es un archivo de texto que contiene una peque\u00f1a cantidad de informaci\u00f3n que se coloca en tu ordenador o dispositivo m\u00f3vil cuando visitas un sitio web por primera vez. Utilizamos cookies para que nuestro sitio funcione mejor para nuestros usuarios. Las cookies realizan una serie de funciones: por ejemplo, te permiten navegar sin problemas entre p\u00e1ginas, recuerdan tus preferencias y, en general, mejoran la experiencia del usuario. Puedes obtener m\u00e1s informaci\u00f3n sobre las cookies en los siguientes sitios:   <\/p>\n<ul>\n<li><a href=\"http:\/\/www.allaboutcookies.org\/\" target=\"_blank\" rel=\"noreferrer noopener\">www.allaboutcookies.org<\/a><\/li>\n<li><a href=\"http:\/\/www.aboutcookies.org\/\" target=\"_blank\" rel=\"noreferrer noopener\">www.aboutcookies.org<\/a><\/li>\n<\/ul>\n<p>Al utilizar nuestro sitio web, nos autorizas a instalar cookies en tu dispositivo. Esta pol\u00edtica est\u00e1 dise\u00f1ada para explicar para qu\u00e9 utilizamos estas cookies y qu\u00e9 hacen. <\/p>\n<h2>Cookies estrictamente necesarias<\/h2>\n<p>Estas cookies son necesarias para que nuestro sitio web funcione correctamente. Las utilizamos para la cesta de la compra. <\/p>\n<h2>Cookies de seguimiento<\/h2>\n<p>Estas cookies recogen informaci\u00f3n sobre c\u00f3mo utilizan el sitio web los visitantes, las p\u00e1ginas que m\u00e1s visitan y los mensajes de error que reciben. La informaci\u00f3n recogida es an\u00f3nima y nos ayuda a mejorar el funcionamiento de nuestro sitio. No puede utilizarse para identificar a las personas afectadas.  <\/p>\n<p>Utilizamos cookies proporcionadas por Google Analytics para medir la eficacia de nuestra publicidad y comprender c\u00f3mo utilizan nuestro sitio los visitantes. Esta informaci\u00f3n nos permite ver qu\u00e9 p\u00e1ginas son las m\u00e1s populares, qu\u00e9 productos interesan m\u00e1s a nuestros clientes y qu\u00e9 tipo de ofertas prefieren. Aunque es Google Analytics quien registra para nosotros la informaci\u00f3n proporcionada por el sitio, nosotros controlamos el uso de los datos. Si no deseas participar en la mejora de nuestro sitio web, nuestros productos, nuestras ofertas y nuestra estrategia de marketing, puedes desactivar esta herramienta de an\u00e1lisis del sitio web haciendo clic en el siguiente enlace: https: <a href=\"https:\/\/tools.google.com\/dlpage\/gaoptout?hl=fr\" target=\"_blank\" rel=\"noreferrer noopener\">\/\/tools.google.com\/dlpage\/gaoptout?hl=fr<\/a>   <\/p>\n<h2>Cookies de funcionalidad<\/h2>\n<p>Estas cookies nos permiten recordar las elecciones que has hecho (por ejemplo: tu nombre de usuario, tu idioma) y ofrecerte funciones mejor personalizadas. La informaci\u00f3n recogida por estas cookies no nos permite seguir tu actividad en otros sitios visitados. <\/p>\n<h2>\u00bfEst\u00e1 actualizada la informaci\u00f3n?<\/h2>\n<p>Nuestro sitio web se actualiza regularmente. Esta pol\u00edtica se actualizar\u00e1 si se introducen nuevas cookies o si se modifican los ajustes. <\/p>\n<h2>Sitios web de terceros<\/h2>\n<p>Nuestro sitio web contiene enlaces a otros sitios, y no sabemos qu\u00e9 cookies utilizan. Para saber m\u00e1s, consulta la informaci\u00f3n proporcionada por estos sitios de terceros sobre sus propias cookies. <\/p>","protected":false},"excerpt":{"rendered":"<p>Pol\u00edtica de privacidad Contexto &#8211; \u00bfQu\u00e9 es una cookie? Una cookie es un archivo de texto que contiene una peque\u00f1a cantidad de informaci\u00f3n que se coloca en tu ordenador o dispositivo m\u00f3vil cuando visitas un sitio web por primera vez. Utilizamos cookies para que nuestro sitio funcione mejor para nuestros usuarios. Las cookies realizan una [&#8230;]\n","protected":false},"author":1,"featured_media":0,"parent":0,"menu_order":0,"comment_status":"closed","ping_status":"closed","template":"","meta":{"footnotes":""},"yst_prominent_words":[],"class_list":["post-1905","page","type-page","status-publish","hentry"],"_links":{"self":[{"href":"https:\/\/foot-scouting.com\/es\/wp-json\/wp\/v2\/pages\/1905","targetHints":{"allow":["GET"]}}],"collection":[{"href":"https:\/\/foot-scouting.com\/es\/wp-json\/wp\/v2\/pages"}],"about":[{"href":"https:\/\/foot-scouting.com\/es\/wp-json\/wp\/v2\/types\/page"}],"author":[{"embeddable":true,"href":"https:\/\/foot-scouting.com\/es\/wp-json\/wp\/v2\/users\/1"}],"replies":[{"embeddable":true,"href":"https:\/\/foot-scouting.com\/es\/wp-json\/wp\/v2\/comments?post=1905"}],"version-history":[{"count":1,"href":"https:\/\/foot-scouting.com\/es\/wp-json\/wp\/v2\/pages\/1905\/revisions"}],"predecessor-version":[{"id":1906,"href":"https:\/\/foot-scouting.com\/es\/wp-json\/wp\/v2\/pages\/1905\/revisions\/1906"}],"wp:attachment":[{"href":"https:\/\/foot-scouting.com\/es\/wp-json\/wp\/v2\/media?parent=1905"}],"wp:term":[{"taxonomy":"yst_prominent_words","embeddable":true,"href":"https:\/\/foot-scouting.com\/es\/wp-json\/wp\/v2\/yst_prominent_words?post=1905"}],"curies":[{"name":"wp","href":"https:\/\/api.w.org\/{rel}","templated":true}]}}